{"id":3583,"date":"2026-02-25T16:36:32","date_gmt":"2026-02-25T16:36:32","guid":{"rendered":"https:\/\/elp.fr\/?page_id=3583"},"modified":"2026-02-25T16:36:36","modified_gmt":"2026-02-25T16:36:36","slug":"elp-mentions-legales","status":"publish","type":"page","link":"https:\/\/elp.fr\/index.php\/elp-mentions-legales\/","title":{"rendered":"ELP &#8211; Mentions l\u00e9gales"},"content":{"rendered":"\n<p><strong>Site internet :<\/strong> <a href=\"http:\/\/www.elp.fr\">www.elp.fr<\/a><br><strong>\u00c9diteur du site :<\/strong> ELP \u00c9dition de Logiciels Professionnels (IDIS ELP)<\/p>\n\n\n\n<hr class=\"wp-block-separator has-alpha-channel-opacity\"\/>\n\n\n\n<h3 class=\"wp-block-heading\">1. \u00c9diteur<\/h3>\n\n\n\n<p><strong>Raison sociale :<\/strong> ELP \u00c9dition de Logiciels Professionnels (IDIS ELP)<br><strong>Forme juridique :<\/strong> SAS<br><strong>Si\u00e8ge social :<\/strong> 16 rue de Moronval, 28100 Dreux<br><strong>SIREN :<\/strong> 339 596 272<br><strong>SIRET (si\u00e8ge) :<\/strong> 339 596 272 00049<br><strong>RCS :<\/strong> Chartres 339 596 272<br><strong>Capital social :<\/strong> 50 000 \u20ac<br><strong>Num\u00e9ro de TVA intracommunautaire :<\/strong> FR59339596272<\/p>\n\n\n\n<hr class=\"wp-block-separator has-alpha-channel-opacity\"\/>\n\n\n\n<h3 class=\"wp-block-heading\">2. Responsable de la publication<\/h3>\n\n\n\n<p><strong>Nom :<\/strong> Bernard Charnomordic<br><strong>Contact :<\/strong> <a><span \n                data-original-string='1hxyO5Gr7CEPUNjVLXs+2Q==328OYA\/l\/q57IjULwig2HUSrA=='\n                class='apbct-email-encoder'\n                title='This contact has been encoded by Anti-Spam by CleanTalk. Click to decode. To finish the decoding make sure that JavaScript is enabled in your browser.'>in<span class=\"apbct-blur\">**<\/span>@<span class=\"apbct-blur\">*<\/span>lp.fr<\/span><\/a><\/p>\n\n\n\n<hr class=\"wp-block-separator has-alpha-channel-opacity\"\/>\n\n\n\n<h3 class=\"wp-block-heading\">3. H\u00e9bergeur<\/h3>\n\n\n\n<p><strong>H\u00e9bergeur :<\/strong> OVH SAS<br><strong>Adresse :<\/strong> 2 rue Kellermann, 59100 Roubaix, France (BP 80157 \u2013 59053 Roubaix Cedex 1)<br><strong>Site web :<\/strong> <a>www.ovh.com<\/a><\/p>\n\n\n\n<hr class=\"wp-block-separator has-alpha-channel-opacity\"\/>\n\n\n\n<h3 class=\"wp-block-heading\">4. Propri\u00e9t\u00e9 intellectuelle<\/h3>\n\n\n\n<p>L\u2019ensemble du contenu pr\u00e9sent sur le site (textes, images, graphismes, logo, ic\u00f4nes, vid\u00e9os, documents t\u00e9l\u00e9chargeables, etc.) est la propri\u00e9t\u00e9 exclusive de <strong>ELP<\/strong> ou de ses partenaires.<br>Toute reproduction, distribution, modification, adaptation, retransmission ou publication, m\u00eame partielle, de ces \u00e9l\u00e9ments est strictement interdite sans l\u2019autorisation \u00e9crite pr\u00e9alable de ELP.<br>Toute exploitation non autoris\u00e9e du site ou de son contenu pourra faire l\u2019objet de poursuites conform\u00e9ment aux articles L.335-2 et suivants du Code de la propri\u00e9t\u00e9 intellectuelle.<\/p>\n\n\n\n<hr class=\"wp-block-separator has-alpha-channel-opacity\"\/>\n\n\n\n<h3 class=\"wp-block-heading\">5. Donn\u00e9es personnelles (RGPD)<\/h3>\n\n\n\n<p>Les informations personnelles collect\u00e9es via les formulaires du site (nom, adresse e-mail, message, etc.) sont n\u00e9cessaires au traitement de la demande de contact et sont utilis\u00e9es uniquement \u00e0 cette fin.<br>Elles sont conserv\u00e9es pendant une dur\u00e9e limit\u00e9e, strictement n\u00e9cessaire au traitement de la demande.<\/p>\n\n\n\n<p>Conform\u00e9ment au R\u00e8glement G\u00e9n\u00e9ral sur la Protection des Donn\u00e9es (RGPD) et \u00e0 la loi Informatique et Libert\u00e9s, vous disposez d\u2019un droit d\u2019acc\u00e8s, de rectification, d\u2019opposition, d\u2019effacement et de portabilit\u00e9 de vos donn\u00e9es.<br>Vous pouvez exercer ces droits en \u00e9crivant \u00e0 : <strong><a><span \n                data-original-string='\/\/X7dlyM2V9jH6lzZLwCGw==328yNM3pVCpcWGgb4nZPKnqug=='\n                class='apbct-email-encoder'\n                title='This contact has been encoded by Anti-Spam by CleanTalk. Click to decode. To finish the decoding make sure that JavaScript is enabled in your browser.'>in<span class=\"apbct-blur\">**<\/span>@<span class=\"apbct-blur\">*<\/span>lp.fr<\/span><\/a><\/strong><\/p>\n\n\n\n<p>Lors de la navigation sur le site, des cookies peuvent \u00eatre d\u00e9pos\u00e9s sur votre terminal \u00e0 des fins de mesure d\u2019audience ou d\u2019am\u00e9lioration de l\u2019exp\u00e9rience utilisateur. Vous pouvez \u00e0 tout moment les refuser via les param\u00e8tres de votre navigateur.<\/p>\n\n\n\n<hr class=\"wp-block-separator has-alpha-channel-opacity\"\/>\n\n\n\n<h3 class=\"wp-block-heading\">6. Responsabilit\u00e9<\/h3>\n\n\n\n<p>ELP met tout en \u0153uvre pour assurer la fiabilit\u00e9, l\u2019exactitude et la mise \u00e0 jour des informations diffus\u00e9es sur le site.<br>Toutefois, ELP ne saurait \u00eatre tenue responsable des erreurs, omissions ou des r\u00e9sultats pouvant \u00eatre obtenus \u00e0 partir de ces informations.<br>L\u2019utilisateur reste seul responsable de l\u2019usage qu\u2019il fait des informations et des contenus disponibles sur le site.<\/p>\n\n\n\n<hr class=\"wp-block-separator has-alpha-channel-opacity\"\/>\n\n\n\n<h3 class=\"wp-block-heading\">7. Liens hypertextes<\/h3>\n\n\n\n<p>Le site <a href=\"http:\/\/www.elp.fr\">www.elp.fr<\/a> peut contenir des liens vers d\u2019autres sites Internet.<br>ELP ne peut \u00eatre tenue responsable du contenu, du fonctionnement ou de la politique de confidentialit\u00e9 de ces sites tiers.<\/p>\n","protected":false},"excerpt":{"rendered":"<p>Site internet : www.elp.fr\u00c9diteur du site : ELP \u00c9dition de Logiciels Professionnels (IDIS ELP) 1. \u00c9diteur Raison sociale : ELP [&hellip;]<\/p>\n","protected":false},"author":1,"featured_media":0,"parent":0,"menu_order":0,"comment_status":"closed","ping_status":"closed","template":"","meta":{"_uag_custom_page_level_css":"","_monsterinsights_skip_tracking":false,"_monsterinsights_sitenote_active":false,"_monsterinsights_sitenote_note":"","_monsterinsights_sitenote_category":0,"_uf_show_specific_survey":0,"_uf_disable_surveys":false,"site-sidebar-layout":"default","site-content-layout":"","ast-site-content-layout":"default","site-content-style":"default","site-sidebar-style":"default","ast-global-header-display":"","ast-banner-title-visibility":"","ast-main-header-display":"","ast-hfb-above-header-display":"","ast-hfb-below-header-display":"","ast-hfb-mobile-header-display":"","site-post-title":"","ast-breadcrumbs-content":"","ast-featured-img":"","footer-sml-layout":"","ast-disable-related-posts":"","theme-transparent-header-meta":"","adv-header-id-meta":"","stick-header-meta":"","header-above-stick-meta":"","header-main-stick-meta":"","header-below-stick-meta":"","astra-migrate-meta-layouts":"default","ast-page-background-enabled":"default","ast-page-background-meta":{"desktop":{"background-color":"var(--ast-global-color-4)","background-image":"","background-repeat":"repeat","background-position":"center center","background-size":"auto","background-attachment":"scroll","background-type":"","background-media":"","overlay-type":"","overlay-color":"","overlay-opacity":"","overlay-gradient":""},"tablet":{"background-color":"","background-image":"","background-repeat":"repeat","background-position":"center center","background-size":"auto","background-attachment":"scroll","background-type":"","background-media":"","overlay-type":"","overlay-color":"","overlay-opacity":"","overlay-gradient":""},"mobile":{"background-color":"","background-image":"","background-repeat":"repeat","background-position":"center center","background-size":"auto","background-attachment":"scroll","background-type":"","background-media":"","overlay-type":"","overlay-color":"","overlay-opacity":"","overlay-gradient":""}},"ast-content-background-meta":{"desktop":{"background-color":"var(--ast-global-color-5)","background-image":"","background-repeat":"repeat","background-position":"center center","background-size":"auto","background-attachment":"scroll","background-type":"","background-media":"","overlay-type":"","overlay-color":"","overlay-opacity":"","overlay-gradient":""},"tablet":{"background-color":"var(--ast-global-color-5)","background-image":"","background-repeat":"repeat","background-position":"center center","background-size":"auto","background-attachment":"scroll","background-type":"","background-media":"","overlay-type":"","overlay-color":"","overlay-opacity":"","overlay-gradient":""},"mobile":{"background-color":"var(--ast-global-color-5)","background-image":"","background-repeat":"repeat","background-position":"center center","background-size":"auto","background-attachment":"scroll","background-type":"","background-media":"","overlay-type":"","overlay-color":"","overlay-opacity":"","overlay-gradient":""}},"footnotes":""},"class_list":["post-3583","page","type-page","status-publish","hentry"],"yoast_head":"<!-- This site is optimized with the Yoast SEO plugin v25.6 - https:\/\/yoast.com\/wordpress\/plugins\/seo\/ -->\r\n<title>ELP - Mentions l\u00e9gales - ELP - Edition de Logiciels Professionnels<\/title>\r\n<meta name=\"robots\" content=\"index, follow, max-snippet:-1, max-image-preview:large, max-video-preview:-1\" \/>\r\n<link rel=\"canonical\" href=\"https:\/\/elp.fr\/index.php\/elp-mentions-legales\/\" \/>\r\n<meta property=\"og:locale\" content=\"fr_FR\" \/>\r\n<meta property=\"og:type\" content=\"article\" \/>\r\n<meta property=\"og:title\" content=\"ELP - Mentions l\u00e9gales - ELP - Edition de Logiciels Professionnels\" \/>\r\n<meta property=\"og:description\" content=\"Site internet : www.elp.fr\u00c9diteur du site : ELP \u00c9dition de Logiciels Professionnels (IDIS ELP) 1. \u00c9diteur Raison sociale : ELP [&hellip;]\" \/>\r\n<meta property=\"og:url\" content=\"https:\/\/elp.fr\/index.php\/elp-mentions-legales\/\" \/>\r\n<meta property=\"og:site_name\" content=\"ELP - Edition de Logiciels Professionnels\" \/>\r\n<meta property=\"article:modified_time\" content=\"2026-02-25T16:36:36+00:00\" \/>\r\n<meta name=\"twitter:card\" content=\"summary_large_image\" \/>\r\n<meta name=\"twitter:site\" content=\"@societe_elp\" \/>\r\n<meta name=\"twitter:label1\" content=\"Dur\u00e9e de lecture estim\u00e9e\" \/>\n\t<meta name=\"twitter:data1\" content=\"3 minutes\" \/>\r\n<script type=\"application\/ld+json\" class=\"yoast-schema-graph\">{\"@context\":\"https:\/\/schema.org\",\"@graph\":[{\"@type\":\"WebPage\",\"@id\":\"https:\/\/elp.fr\/index.php\/elp-mentions-legales\/\",\"url\":\"https:\/\/elp.fr\/index.php\/elp-mentions-legales\/\",\"name\":\"ELP - Mentions l\u00e9gales - ELP - Edition de Logiciels Professionnels\",\"isPartOf\":{\"@id\":\"https:\/\/elp.fr\/#website\"},\"datePublished\":\"2026-02-25T16:36:32+00:00\",\"dateModified\":\"2026-02-25T16:36:36+00:00\",\"breadcrumb\":{\"@id\":\"https:\/\/elp.fr\/index.php\/elp-mentions-legales\/#breadcrumb\"},\"inLanguage\":\"fr-FR\",\"potentialAction\":[{\"@type\":\"ReadAction\",\"target\":[\"https:\/\/elp.fr\/index.php\/elp-mentions-legales\/\"]}]},{\"@type\":\"BreadcrumbList\",\"@id\":\"https:\/\/elp.fr\/index.php\/elp-mentions-legales\/#breadcrumb\",\"itemListElement\":[{\"@type\":\"ListItem\",\"position\":1,\"name\":\"Accueil\",\"item\":\"https:\/\/elp.fr\/\"},{\"@type\":\"ListItem\",\"position\":2,\"name\":\"ELP &#8211; Mentions l\u00e9gales\"}]},{\"@type\":\"WebSite\",\"@id\":\"https:\/\/elp.fr\/#website\",\"url\":\"https:\/\/elp.fr\/\",\"name\":\"ELP\",\"description\":\"Solutions logicielles sur mesure : gestion documentaire, archivage et optimisation industrielle\",\"publisher\":{\"@id\":\"https:\/\/elp.fr\/#organization\"},\"potentialAction\":[{\"@type\":\"SearchAction\",\"target\":{\"@type\":\"EntryPoint\",\"urlTemplate\":\"https:\/\/elp.fr\/?s={search_term_string}\"},\"query-input\":{\"@type\":\"PropertyValueSpecification\",\"valueRequired\":true,\"valueName\":\"search_term_string\"}}],\"inLanguage\":\"fr-FR\"},{\"@type\":\"Organization\",\"@id\":\"https:\/\/elp.fr\/#organization\",\"name\":\"ELP Edition de Logiciels Professionnels\",\"url\":\"https:\/\/elp.fr\/\",\"logo\":{\"@type\":\"ImageObject\",\"inLanguage\":\"fr-FR\",\"@id\":\"https:\/\/elp.fr\/#\/schema\/logo\/image\/\",\"url\":\"https:\/\/elp.fr\/wp-content\/uploads\/2025\/01\/Plan-de-travail-4.png\",\"contentUrl\":\"https:\/\/elp.fr\/wp-content\/uploads\/2025\/01\/Plan-de-travail-4.png\",\"width\":213,\"height\":206,\"caption\":\"ELP Edition de Logiciels Professionnels\"},\"image\":{\"@id\":\"https:\/\/elp.fr\/#\/schema\/logo\/image\/\"},\"sameAs\":[\"https:\/\/x.com\/societe_elp\"]}]}<\/script>\r\n<!-- \/ Yoast SEO plugin. -->","yoast_head_json":{"title":"ELP - Mentions l\u00e9gales - ELP - Edition de Logiciels Professionnels","robots":{"index":"index","follow":"follow","max-snippet":"max-snippet:-1","max-image-preview":"max-image-preview:large","max-video-preview":"max-video-preview:-1"},"canonical":"https:\/\/elp.fr\/index.php\/elp-mentions-legales\/","og_locale":"fr_FR","og_type":"article","og_title":"ELP - Mentions l\u00e9gales - ELP - Edition de Logiciels Professionnels","og_description":"Site internet : www.elp.fr\u00c9diteur du site : ELP \u00c9dition de Logiciels Professionnels (IDIS ELP) 1. \u00c9diteur Raison sociale : ELP [&hellip;]","og_url":"https:\/\/elp.fr\/index.php\/elp-mentions-legales\/","og_site_name":"ELP - Edition de Logiciels Professionnels","article_modified_time":"2026-02-25T16:36:36+00:00","twitter_card":"summary_large_image","twitter_site":"@societe_elp","twitter_misc":{"Dur\u00e9e de lecture estim\u00e9e":"3 minutes"},"schema":{"@context":"https:\/\/schema.org","@graph":[{"@type":"WebPage","@id":"https:\/\/elp.fr\/index.php\/elp-mentions-legales\/","url":"https:\/\/elp.fr\/index.php\/elp-mentions-legales\/","name":"ELP - Mentions l\u00e9gales - ELP - Edition de Logiciels Professionnels","isPartOf":{"@id":"https:\/\/elp.fr\/#website"},"datePublished":"2026-02-25T16:36:32+00:00","dateModified":"2026-02-25T16:36:36+00:00","breadcrumb":{"@id":"https:\/\/elp.fr\/index.php\/elp-mentions-legales\/#breadcrumb"},"inLanguage":"fr-FR","potentialAction":[{"@type":"ReadAction","target":["https:\/\/elp.fr\/index.php\/elp-mentions-legales\/"]}]},{"@type":"BreadcrumbList","@id":"https:\/\/elp.fr\/index.php\/elp-mentions-legales\/#breadcrumb","itemListElement":[{"@type":"ListItem","position":1,"name":"Accueil","item":"https:\/\/elp.fr\/"},{"@type":"ListItem","position":2,"name":"ELP &#8211; Mentions l\u00e9gales"}]},{"@type":"WebSite","@id":"https:\/\/elp.fr\/#website","url":"https:\/\/elp.fr\/","name":"ELP","description":"Solutions logicielles sur mesure : gestion documentaire, archivage et optimisation industrielle","publisher":{"@id":"https:\/\/elp.fr\/#organization"},"potentialAction":[{"@type":"SearchAction","target":{"@type":"EntryPoint","urlTemplate":"https:\/\/elp.fr\/?s={search_term_string}"},"query-input":{"@type":"PropertyValueSpecification","valueRequired":true,"valueName":"search_term_string"}}],"inLanguage":"fr-FR"},{"@type":"Organization","@id":"https:\/\/elp.fr\/#organization","name":"ELP Edition de Logiciels Professionnels","url":"https:\/\/elp.fr\/","logo":{"@type":"ImageObject","inLanguage":"fr-FR","@id":"https:\/\/elp.fr\/#\/schema\/logo\/image\/","url":"https:\/\/elp.fr\/wp-content\/uploads\/2025\/01\/Plan-de-travail-4.png","contentUrl":"https:\/\/elp.fr\/wp-content\/uploads\/2025\/01\/Plan-de-travail-4.png","width":213,"height":206,"caption":"ELP Edition de Logiciels Professionnels"},"image":{"@id":"https:\/\/elp.fr\/#\/schema\/logo\/image\/"},"sameAs":["https:\/\/x.com\/societe_elp"]}]}},"uagb_featured_image_src":{"full":false,"thumbnail":false,"medium":false,"medium_large":false,"large":false,"1536x1536":false,"2048x2048":false},"uagb_author_info":{"display_name":"ANA","author_link":"https:\/\/elp.fr\/index.php\/author\/ana\/"},"uagb_comment_info":0,"uagb_excerpt":"Site internet : www.elp.fr\u00c9diteur du site : ELP \u00c9dition de Logiciels Professionnels (IDIS ELP) 1. \u00c9diteur Raison sociale : ELP [&hellip;]","_links":{"self":[{"href":"https:\/\/elp.fr\/index.php\/wp-json\/wp\/v2\/pages\/3583"}],"collection":[{"href":"https:\/\/elp.fr\/index.php\/wp-json\/wp\/v2\/pages"}],"about":[{"href":"https:\/\/elp.fr\/index.php\/wp-json\/wp\/v2\/types\/page"}],"author":[{"embeddable":true,"href":"https:\/\/elp.fr\/index.php\/wp-json\/wp\/v2\/users\/1"}],"replies":[{"embeddable":true,"href":"https:\/\/elp.fr\/index.php\/wp-json\/wp\/v2\/comments?post=3583"}],"version-history":[{"count":1,"href":"https:\/\/elp.fr\/index.php\/wp-json\/wp\/v2\/pages\/3583\/revisions"}],"predecessor-version":[{"id":3584,"href":"https:\/\/elp.fr\/index.php\/wp-json\/wp\/v2\/pages\/3583\/revisions\/3584"}],"wp:attachment":[{"href":"https:\/\/elp.fr\/index.php\/wp-json\/wp\/v2\/media?parent=3583"}],"curies":[{"name":"wp","href":"https:\/\/api.w.org\/{rel}","templated":true}]}}