{"id":3,"date":"2024-09-03T12:56:41","date_gmt":"2024-09-03T12:56:41","guid":{"rendered":"http:\/\/demo-elp.local\/?page_id=3"},"modified":"2025-04-04T07:38:53","modified_gmt":"2025-04-04T07:38:53","slug":"privacy-policy","status":"publish","type":"page","link":"https:\/\/elp.fr\/index.php\/privacy-policy\/","title":{"rendered":"Politique de confidentialit\u00e9"},"content":{"rendered":"\n<h3 class=\"wp-block-heading\"><strong>Qui sommes-nous ?<\/strong><\/h3>\n\n\n\n<p>L\u2019adresse de notre site web est : <a href=\"https:\/\/elp.fr\/\">www.elp.fr<\/a>.<\/p>\n\n\n\n<h3 class=\"wp-block-heading\"><strong>Donn\u00e9es collect\u00e9es<\/strong><\/h3>\n\n\n\n<h4 class=\"wp-block-heading\"><strong>Formulaires de contact<\/strong><\/h4>\n\n\n\n<p>Lorsque vous utilisez notre formulaire de contact, nous collectons les informations que vous nous transmettez (nom, adresse e-mail, message). Ces donn\u00e9es sont uniquement utilis\u00e9es pour r\u00e9pondre \u00e0 votre demande et ne sont pas partag\u00e9es avec des tiers.<\/p>\n\n\n\n<h4 class=\"wp-block-heading\"><strong>Cookies<\/strong><\/h4>\n\n\n\n<p>Notre site peut utiliser des cookies pour am\u00e9liorer votre exp\u00e9rience de navigation. Vous pouvez configurer votre navigateur pour les bloquer si vous le souhaitez.<\/p>\n\n\n\n<ul class=\"wp-block-list\">\n<li><strong>Cookies de navigation<\/strong> : Ils permettent le bon fonctionnement du site et ne stockent aucune donn\u00e9e personnelle.<\/li>\n\n\n\n<li><strong>Cookies analytiques<\/strong> (si activ\u00e9s) : Ils nous aident \u00e0 comprendre comment notre site est utilis\u00e9 afin d\u2019en am\u00e9liorer le contenu.<\/li>\n<\/ul>\n\n\n\n<h4 class=\"wp-block-heading\"><strong>Contenu int\u00e9gr\u00e9 depuis d\u2019autres sites<\/strong><\/h4>\n\n\n\n<p>Certaines pages peuvent inclure du contenu int\u00e9gr\u00e9 (par exemple des vid\u00e9os, cartes interactives, etc.). Ce contenu se comporte comme si vous visitiez directement le site d\u2019origine, qui peut collecter des donn\u00e9es et utiliser des cookies.<\/p>\n\n\n\n<h3 class=\"wp-block-heading\"><strong>Dur\u00e9e de conservation des donn\u00e9es<\/strong><\/h3>\n\n\n\n<p>Les informations envoy\u00e9es via notre formulaire de contact sont conserv\u00e9es le temps n\u00e9cessaire pour traiter votre demande.<\/p>\n\n\n\n<h3 class=\"wp-block-heading\"><strong>Vos droits<\/strong><\/h3>\n\n\n\n<p>Vous pouvez nous contacter \u00e0 <strong><a href=\"mailto:in**@*lp.fr\" data-original-string=\"z9fjsGmhdLlUh+uFhyycaQ==328WT3hDLdueHRAqkrF03lyfg==\" title=\"This contact has been encoded by Anti-Spam by CleanTalk. Click to decode. To finish the decoding make sure that JavaScript is enabled in your browser.\"><span \n                data-original-string='CB2QKlavCKPsPRVt0g+Pzg==328aW6\/EoKdbcCScnMR3Y8MCQ=='\n                class='apbct-email-encoder'\n                title='This contact has been encoded by Anti-Spam by CleanTalk. Click to decode. To finish the decoding make sure that JavaScript is enabled in your browser.'>in<span class=\"apbct-blur\">**<\/span>@<span class=\"apbct-blur\">*<\/span>lp.fr<\/span><\/a><\/strong> pour toute demande de consultation ou de suppression des donn\u00e9es vous concernant.<\/p>\n\n\n\n<h3 class=\"wp-block-heading\"><strong>S\u00e9curit\u00e9 des donn\u00e9es<\/strong><\/h3>\n\n\n\n<p>Nous mettons en place les mesures n\u00e9cessaires pour prot\u00e9ger les informations que vous nous fournissez contre tout acc\u00e8s non autoris\u00e9.<\/p>\n","protected":false},"excerpt":{"rendered":"<p>Qui sommes-nous ? L\u2019adresse de notre site web est : www.elp.fr. Donn\u00e9es collect\u00e9es Formulaires de contact Lorsque vous utilisez notre [&hellip;]<\/p>\n","protected":false},"author":1,"featured_media":0,"parent":0,"menu_order":0,"comment_status":"closed","ping_status":"open","template":"","meta":{"_uag_custom_page_level_css":"","_monsterinsights_skip_tracking":false,"_monsterinsights_sitenote_active":false,"_monsterinsights_sitenote_note":"","_monsterinsights_sitenote_category":0,"_uf_show_specific_survey":0,"_uf_disable_surveys":false,"site-sidebar-layout":"default","site-content-layout":"","ast-site-content-layout":"default","site-content-style":"default","site-sidebar-style":"default","ast-global-header-display":"","ast-banner-title-visibility":"","ast-main-header-display":"","ast-hfb-above-header-display":"","ast-hfb-below-header-display":"","ast-hfb-mobile-header-display":"","site-post-title":"","ast-breadcrumbs-content":"","ast-featured-img":"","footer-sml-layout":"","ast-disable-related-posts":"","theme-transparent-header-meta":"","adv-header-id-meta":"","stick-header-meta":"","header-above-stick-meta":"","header-main-stick-meta":"","header-below-stick-meta":"","astra-migrate-meta-layouts":"default","ast-page-background-enabled":"default","ast-page-background-meta":{"desktop":{"background-color":"var(--ast-global-color-4)","background-image":"","background-repeat":"repeat","background-position":"center center","background-size":"auto","background-attachment":"scroll","background-type":"","background-media":"","overlay-type":"","overlay-color":"","overlay-opacity":"","overlay-gradient":""},"tablet":{"background-color":"","background-image":"","background-repeat":"repeat","background-position":"center center","background-size":"auto","background-attachment":"scroll","background-type":"","background-media":"","overlay-type":"","overlay-color":"","overlay-opacity":"","overlay-gradient":""},"mobile":{"background-color":"","background-image":"","background-repeat":"repeat","background-position":"center center","background-size":"auto","background-attachment":"scroll","background-type":"","background-media":"","overlay-type":"","overlay-color":"","overlay-opacity":"","overlay-gradient":""}},"ast-content-background-meta":{"desktop":{"background-color":"var(--ast-global-color-5)","background-image":"","background-repeat":"repeat","background-position":"center center","background-size":"auto","background-attachment":"scroll","background-type":"","background-media":"","overlay-type":"","overlay-color":"","overlay-opacity":"","overlay-gradient":""},"tablet":{"background-color":"var(--ast-global-color-5)","background-image":"","background-repeat":"repeat","background-position":"center center","background-size":"auto","background-attachment":"scroll","background-type":"","background-media":"","overlay-type":"","overlay-color":"","overlay-opacity":"","overlay-gradient":""},"mobile":{"background-color":"var(--ast-global-color-5)","background-image":"","background-repeat":"repeat","background-position":"center center","background-size":"auto","background-attachment":"scroll","background-type":"","background-media":"","overlay-type":"","overlay-color":"","overlay-opacity":"","overlay-gradient":""}},"footnotes":""},"class_list":["post-3","page","type-page","status-publish","hentry"],"yoast_head":"<!-- This site is optimized with the Yoast SEO plugin v25.6 - https:\/\/yoast.com\/wordpress\/plugins\/seo\/ -->\r\n<title>Politique de confidentialit\u00e9 - ELP - Edition de Logiciels Professionnels<\/title>\r\n<meta name=\"robots\" content=\"index, follow, max-snippet:-1, max-image-preview:large, max-video-preview:-1\" \/>\r\n<link rel=\"canonical\" href=\"https:\/\/elp.fr\/index.php\/privacy-policy\/\" \/>\r\n<meta property=\"og:locale\" content=\"fr_FR\" \/>\r\n<meta property=\"og:type\" content=\"article\" \/>\r\n<meta property=\"og:title\" content=\"Politique de confidentialit\u00e9 - ELP - Edition de Logiciels Professionnels\" \/>\r\n<meta property=\"og:description\" content=\"Qui sommes-nous ? L\u2019adresse de notre site web est : www.elp.fr. Donn\u00e9es collect\u00e9es Formulaires de contact Lorsque vous utilisez notre [&hellip;]\" \/>\r\n<meta property=\"og:url\" content=\"https:\/\/elp.fr\/index.php\/privacy-policy\/\" \/>\r\n<meta property=\"og:site_name\" content=\"ELP - Edition de Logiciels Professionnels\" \/>\r\n<meta property=\"article:modified_time\" content=\"2025-04-04T07:38:53+00:00\" \/>\r\n<meta name=\"twitter:card\" content=\"summary_large_image\" \/>\r\n<meta name=\"twitter:site\" content=\"@societe_elp\" \/>\r\n<meta name=\"twitter:label1\" content=\"Dur\u00e9e de lecture estim\u00e9e\" \/>\n\t<meta name=\"twitter:data1\" content=\"2 minutes\" \/>\r\n<script type=\"application\/ld+json\" class=\"yoast-schema-graph\">{\"@context\":\"https:\/\/schema.org\",\"@graph\":[{\"@type\":\"WebPage\",\"@id\":\"https:\/\/elp.fr\/index.php\/privacy-policy\/\",\"url\":\"https:\/\/elp.fr\/index.php\/privacy-policy\/\",\"name\":\"Politique de confidentialit\u00e9 - ELP - Edition de Logiciels Professionnels\",\"isPartOf\":{\"@id\":\"https:\/\/elp.fr\/#website\"},\"datePublished\":\"2024-09-03T12:56:41+00:00\",\"dateModified\":\"2025-04-04T07:38:53+00:00\",\"breadcrumb\":{\"@id\":\"https:\/\/elp.fr\/index.php\/privacy-policy\/#breadcrumb\"},\"inLanguage\":\"fr-FR\",\"potentialAction\":[{\"@type\":\"ReadAction\",\"target\":[\"https:\/\/elp.fr\/index.php\/privacy-policy\/\"]}]},{\"@type\":\"BreadcrumbList\",\"@id\":\"https:\/\/elp.fr\/index.php\/privacy-policy\/#breadcrumb\",\"itemListElement\":[{\"@type\":\"ListItem\",\"position\":1,\"name\":\"Accueil\",\"item\":\"https:\/\/elp.fr\/\"},{\"@type\":\"ListItem\",\"position\":2,\"name\":\"Politique de confidentialit\u00e9\"}]},{\"@type\":\"WebSite\",\"@id\":\"https:\/\/elp.fr\/#website\",\"url\":\"https:\/\/elp.fr\/\",\"name\":\"ELP\",\"description\":\"Solutions logicielles sur mesure : gestion documentaire, archivage et optimisation industrielle\",\"publisher\":{\"@id\":\"https:\/\/elp.fr\/#organization\"},\"potentialAction\":[{\"@type\":\"SearchAction\",\"target\":{\"@type\":\"EntryPoint\",\"urlTemplate\":\"https:\/\/elp.fr\/?s={search_term_string}\"},\"query-input\":{\"@type\":\"PropertyValueSpecification\",\"valueRequired\":true,\"valueName\":\"search_term_string\"}}],\"inLanguage\":\"fr-FR\"},{\"@type\":\"Organization\",\"@id\":\"https:\/\/elp.fr\/#organization\",\"name\":\"ELP Edition de Logiciels Professionnels\",\"url\":\"https:\/\/elp.fr\/\",\"logo\":{\"@type\":\"ImageObject\",\"inLanguage\":\"fr-FR\",\"@id\":\"https:\/\/elp.fr\/#\/schema\/logo\/image\/\",\"url\":\"https:\/\/elp.fr\/wp-content\/uploads\/2025\/01\/Plan-de-travail-4.png\",\"contentUrl\":\"https:\/\/elp.fr\/wp-content\/uploads\/2025\/01\/Plan-de-travail-4.png\",\"width\":213,\"height\":206,\"caption\":\"ELP Edition de Logiciels Professionnels\"},\"image\":{\"@id\":\"https:\/\/elp.fr\/#\/schema\/logo\/image\/\"},\"sameAs\":[\"https:\/\/x.com\/societe_elp\"]}]}<\/script>\r\n<!-- \/ Yoast SEO plugin. -->","yoast_head_json":{"title":"Politique de confidentialit\u00e9 - ELP - Edition de Logiciels Professionnels","robots":{"index":"index","follow":"follow","max-snippet":"max-snippet:-1","max-image-preview":"max-image-preview:large","max-video-preview":"max-video-preview:-1"},"canonical":"https:\/\/elp.fr\/index.php\/privacy-policy\/","og_locale":"fr_FR","og_type":"article","og_title":"Politique de confidentialit\u00e9 - ELP - Edition de Logiciels Professionnels","og_description":"Qui sommes-nous ? L\u2019adresse de notre site web est : www.elp.fr. Donn\u00e9es collect\u00e9es Formulaires de contact Lorsque vous utilisez notre [&hellip;]","og_url":"https:\/\/elp.fr\/index.php\/privacy-policy\/","og_site_name":"ELP - Edition de Logiciels Professionnels","article_modified_time":"2025-04-04T07:38:53+00:00","twitter_card":"summary_large_image","twitter_site":"@societe_elp","twitter_misc":{"Dur\u00e9e de lecture estim\u00e9e":"2 minutes"},"schema":{"@context":"https:\/\/schema.org","@graph":[{"@type":"WebPage","@id":"https:\/\/elp.fr\/index.php\/privacy-policy\/","url":"https:\/\/elp.fr\/index.php\/privacy-policy\/","name":"Politique de confidentialit\u00e9 - ELP - Edition de Logiciels Professionnels","isPartOf":{"@id":"https:\/\/elp.fr\/#website"},"datePublished":"2024-09-03T12:56:41+00:00","dateModified":"2025-04-04T07:38:53+00:00","breadcrumb":{"@id":"https:\/\/elp.fr\/index.php\/privacy-policy\/#breadcrumb"},"inLanguage":"fr-FR","potentialAction":[{"@type":"ReadAction","target":["https:\/\/elp.fr\/index.php\/privacy-policy\/"]}]},{"@type":"BreadcrumbList","@id":"https:\/\/elp.fr\/index.php\/privacy-policy\/#breadcrumb","itemListElement":[{"@type":"ListItem","position":1,"name":"Accueil","item":"https:\/\/elp.fr\/"},{"@type":"ListItem","position":2,"name":"Politique de confidentialit\u00e9"}]},{"@type":"WebSite","@id":"https:\/\/elp.fr\/#website","url":"https:\/\/elp.fr\/","name":"ELP","description":"Solutions logicielles sur mesure : gestion documentaire, archivage et optimisation industrielle","publisher":{"@id":"https:\/\/elp.fr\/#organization"},"potentialAction":[{"@type":"SearchAction","target":{"@type":"EntryPoint","urlTemplate":"https:\/\/elp.fr\/?s={search_term_string}"},"query-input":{"@type":"PropertyValueSpecification","valueRequired":true,"valueName":"search_term_string"}}],"inLanguage":"fr-FR"},{"@type":"Organization","@id":"https:\/\/elp.fr\/#organization","name":"ELP Edition de Logiciels Professionnels","url":"https:\/\/elp.fr\/","logo":{"@type":"ImageObject","inLanguage":"fr-FR","@id":"https:\/\/elp.fr\/#\/schema\/logo\/image\/","url":"https:\/\/elp.fr\/wp-content\/uploads\/2025\/01\/Plan-de-travail-4.png","contentUrl":"https:\/\/elp.fr\/wp-content\/uploads\/2025\/01\/Plan-de-travail-4.png","width":213,"height":206,"caption":"ELP Edition de Logiciels Professionnels"},"image":{"@id":"https:\/\/elp.fr\/#\/schema\/logo\/image\/"},"sameAs":["https:\/\/x.com\/societe_elp"]}]}},"uagb_featured_image_src":{"full":false,"thumbnail":false,"medium":false,"medium_large":false,"large":false,"1536x1536":false,"2048x2048":false},"uagb_author_info":{"display_name":"ANA","author_link":"https:\/\/elp.fr\/index.php\/author\/ana\/"},"uagb_comment_info":0,"uagb_excerpt":"Qui sommes-nous ? L\u2019adresse de notre site web est : www.elp.fr. Donn\u00e9es collect\u00e9es Formulaires de contact Lorsque vous utilisez notre [&hellip;]","_links":{"self":[{"href":"https:\/\/elp.fr\/index.php\/wp-json\/wp\/v2\/pages\/3"}],"collection":[{"href":"https:\/\/elp.fr\/index.php\/wp-json\/wp\/v2\/pages"}],"about":[{"href":"https:\/\/elp.fr\/index.php\/wp-json\/wp\/v2\/types\/page"}],"author":[{"embeddable":true,"href":"https:\/\/elp.fr\/index.php\/wp-json\/wp\/v2\/users\/1"}],"replies":[{"embeddable":true,"href":"https:\/\/elp.fr\/index.php\/wp-json\/wp\/v2\/comments?post=3"}],"version-history":[{"count":4,"href":"https:\/\/elp.fr\/index.php\/wp-json\/wp\/v2\/pages\/3\/revisions"}],"predecessor-version":[{"id":2990,"href":"https:\/\/elp.fr\/index.php\/wp-json\/wp\/v2\/pages\/3\/revisions\/2990"}],"wp:attachment":[{"href":"https:\/\/elp.fr\/index.php\/wp-json\/wp\/v2\/media?parent=3"}],"curies":[{"name":"wp","href":"https:\/\/api.w.org\/{rel}","templated":true}]}}