{"id":2161,"date":"2025-02-27T14:10:29","date_gmt":"2025-02-27T14:10:29","guid":{"rendered":"https:\/\/newelp.elp.fr\/?page_id=2161"},"modified":"2025-06-30T15:43:37","modified_gmt":"2025-06-30T15:43:37","slug":"infographies","status":"publish","type":"page","link":"https:\/\/elp.fr\/index.php\/infographies\/","title":{"rendered":"Infographies"},"content":{"rendered":"\n<div style=\"height:30px\" aria-hidden=\"true\" class=\"wp-block-spacer\"><\/div>\n\n\n\n<div class=\"wp-block-uagb-container uagb-block-e81b0e04 default uagb-is-root-container\">\n<div style=\"height:15px\" aria-hidden=\"true\" class=\"wp-block-spacer\"><\/div>\n\n\n\n\t\t\t<div class=\"wp-block-uagb-post-grid uagb-post-grid  uagb-post__image-position-top uagb-post__image-enabled uagb-block-82c97892     uagb-post__items uagb-post__columns-3 is-grid uagb-post__columns-tablet-2 uagb-post__columns-mobile-1 uagb-post__equal-height\" data-total=\"1\" style=\"\">\n\n\t\t\t\t\t\t\t\t\t\t\t\t<article class=\"uagb-post__inner-wrap\">\t\t\t\t\t\t\t\t<div class='uagb-post__image'>\n\t\t\t\t\t\t\t\t\t<a href=\"https:\/\/elp.fr\/index.php\/infographie-on-conserve-on-elimine-le-tri-selon-le-cycle-de-vie-et-le-support-des-archives\/\" target=\"_self\" rel=\"bookmark noopener noreferrer\" class='uagb-image-ratio-inherit'><img decoding=\"async\" width=\"560\" height=\"315\" data-src=\"https:\/\/elp.fr\/wp-content\/uploads\/2024\/12\/AdobeStock_13031631-560x450-3.jpeg\" class=\"attachment-large size-large lazyload\" alt=\"\" src=\"data:image\/svg+xml;base64,PHN2ZyB3aWR0aD0iMSIgaGVpZ2h0PSIxIiB4bWxucz0iaHR0cDovL3d3dy53My5vcmcvMjAwMC9zdmciPjwvc3ZnPg==\" style=\"--smush-placeholder-width: 560px; --smush-placeholder-aspect-ratio: 560\/315;\" \/>\t\t\t\t\t<\/a>\n\t\t\t\t\t\t\t<\/div>\n\t\t\t\t\t\t<h4 class=\"uagb-post__title uagb-post__text\">\n\t\t\t\t<a href=\"https:\/\/elp.fr\/index.php\/infographie-on-conserve-on-elimine-le-tri-selon-le-cycle-de-vie-et-le-support-des-archives\/\" target=\"_self\" rel=\"bookmark noopener noreferrer\">Infographie \u2013 On conserve ? On \u00e9limine ? Le tri selon le cycle de vie et le support des archives<\/a>\n\t\t\t<\/h4>\n\t\t\t\t\t\t<div class='uagb-post__text uagb-post-grid-byline'>\n\t\t\t\t\t\t\t\t<time datetime=\"2024-12-10T16:37:00+00:00\" class=\"uagb-post__date\">\n\t\t\t\t<span class=\"dashicons-calendar dashicons\"><\/span>\t\t\t\t\t10\/12\/2024\t\t\t\t<\/time>\n\t\t\t\t\t\t<\/div>\n\t\t\t\t\t\t\t<div class='uagb-post__text uagb-post__excerpt'>\n\t\t\t\t\t<p>Lors du classement et la conservation des archives d\u2019une structure, le tri r\u00e9gulier des archives&#8230;\t\t\t\t<\/div>\n\t\t\t\t\t\t<div class=\"uagb-post__text uagb-post__cta wp-block-button\">\n\t\t\t\t<a class=\"wp-block-button__link uagb-text-link\" style=\"\" href=\"https:\/\/elp.fr\/index.php\/infographie-on-conserve-on-elimine-le-tri-selon-le-cycle-de-vie-et-le-support-des-archives\/\" target=\"_self\" rel=\"bookmark noopener noreferrer\">Lire la suite<\/a>\n\t\t\t<\/div>\n\t\t\t\n\t\t\t\t\t\t\t\t\t<\/article>\n\t\t\t\t\t\t\t\t\t\t\t\t\t\t\t\t<article class=\"uagb-post__inner-wrap\">\t\t\t\t\t\t\t\t<div class='uagb-post__image'>\n\t\t\t\t\t\t\t\t\t<a href=\"https:\/\/elp.fr\/index.php\/logigramme-la-gestion-de-la-collecte-des-archives\/\" target=\"_self\" rel=\"bookmark noopener noreferrer\" class='uagb-image-ratio-inherit'><img decoding=\"async\" width=\"560\" height=\"315\" data-src=\"https:\/\/elp.fr\/wp-content\/uploads\/2024\/12\/Sans-titre-560x450-1.png\" class=\"attachment-large size-large lazyload\" alt=\"\" src=\"data:image\/svg+xml;base64,PHN2ZyB3aWR0aD0iMSIgaGVpZ2h0PSIxIiB4bWxucz0iaHR0cDovL3d3dy53My5vcmcvMjAwMC9zdmciPjwvc3ZnPg==\" style=\"--smush-placeholder-width: 560px; --smush-placeholder-aspect-ratio: 560\/315;\" \/>\t\t\t\t\t<\/a>\n\t\t\t\t\t\t\t<\/div>\n\t\t\t\t\t\t<h4 class=\"uagb-post__title uagb-post__text\">\n\t\t\t\t<a href=\"https:\/\/elp.fr\/index.php\/logigramme-la-gestion-de-la-collecte-des-archives\/\" target=\"_self\" rel=\"bookmark noopener noreferrer\">Logigramme : la gestion de la collecte des archives<\/a>\n\t\t\t<\/h4>\n\t\t\t\t\t\t<div class='uagb-post__text uagb-post-grid-byline'>\n\t\t\t\t\t\t\t\t<time datetime=\"2024-12-10T16:32:01+00:00\" class=\"uagb-post__date\">\n\t\t\t\t<span class=\"dashicons-calendar dashicons\"><\/span>\t\t\t\t\t10\/12\/2024\t\t\t\t<\/time>\n\t\t\t\t\t\t<\/div>\n\t\t\t\t\t\t\t<div class='uagb-post__text uagb-post__excerpt'>\n\t\t\t\t\t<p>Depuis quelques ann\u00e9es, la production croissante de documents papiers est \u00e9troitement li\u00e9e \u00e0 la production&#8230;\t\t\t\t<\/div>\n\t\t\t\t\t\t<div class=\"uagb-post__text uagb-post__cta wp-block-button\">\n\t\t\t\t<a class=\"wp-block-button__link uagb-text-link\" style=\"\" href=\"https:\/\/elp.fr\/index.php\/logigramme-la-gestion-de-la-collecte-des-archives\/\" target=\"_self\" rel=\"bookmark noopener noreferrer\">Lire la suite<\/a>\n\t\t\t<\/div>\n\t\t\t\n\t\t\t\t\t\t\t\t\t<\/article>\n\t\t\t\t\t\t\t\t\t\t\t\t\t<div class=\"uagb-post-pagination-wrap\">\n\t\t\t\t\t\t\t\t\t\t\t<\/div>\n\t\t\t\t\t\t\t\t<\/div>\n\t\t\t\n\n\n<div style=\"height:15px\" aria-hidden=\"true\" class=\"wp-block-spacer\"><\/div>\n<\/div>\n\n\n\n<div style=\"height:50px\" aria-hidden=\"true\" class=\"wp-block-spacer\"><\/div>\n","protected":false},"excerpt":{"rendered":"","protected":false},"author":1,"featured_media":0,"parent":0,"menu_order":0,"comment_status":"closed","ping_status":"closed","template":"","meta":{"_uag_custom_page_level_css":"","_monsterinsights_skip_tracking":false,"_monsterinsights_sitenote_active":false,"_monsterinsights_sitenote_note":"","_monsterinsights_sitenote_category":0,"_uf_show_specific_survey":0,"_uf_disable_surveys":false,"site-sidebar-layout":"default","site-content-layout":"","ast-site-content-layout":"default","site-content-style":"default","site-sidebar-style":"default","ast-global-header-display":"","ast-banner-title-visibility":"","ast-main-header-display":"","ast-hfb-above-header-display":"","ast-hfb-below-header-display":"","ast-hfb-mobile-header-display":"","site-post-title":"","ast-breadcrumbs-content":"","ast-featured-img":"","footer-sml-layout":"","ast-disable-related-posts":"","theme-transparent-header-meta":"","adv-header-id-meta":"","stick-header-meta":"","header-above-stick-meta":"","header-main-stick-meta":"","header-below-stick-meta":"","astra-migrate-meta-layouts":"default","ast-page-background-enabled":"default","ast-page-background-meta":{"desktop":{"background-color":"var(--ast-global-color-4)","background-image":"","background-repeat":"repeat","background-position":"center center","background-size":"auto","background-attachment":"scroll","background-type":"","background-media":"","overlay-type":"","overlay-color":"","overlay-opacity":"","overlay-gradient":""},"tablet":{"background-color":"","background-image":"","background-repeat":"repeat","background-position":"center center","background-size":"auto","background-attachment":"scroll","background-type":"","background-media":"","overlay-type":"","overlay-color":"","overlay-opacity":"","overlay-gradient":""},"mobile":{"background-color":"","background-image":"","background-repeat":"repeat","background-position":"center center","background-size":"auto","background-attachment":"scroll","background-type":"","background-media":"","overlay-type":"","overlay-color":"","overlay-opacity":"","overlay-gradient":""}},"ast-content-background-meta":{"desktop":{"background-color":"var(--ast-global-color-5)","background-image":"","background-repeat":"repeat","background-position":"center center","background-size":"auto","background-attachment":"scroll","background-type":"","background-media":"","overlay-type":"","overlay-color":"","overlay-opacity":"","overlay-gradient":""},"tablet":{"background-color":"var(--ast-global-color-5)","background-image":"","background-repeat":"repeat","background-position":"center center","background-size":"auto","background-attachment":"scroll","background-type":"","background-media":"","overlay-type":"","overlay-color":"","overlay-opacity":"","overlay-gradient":""},"mobile":{"background-color":"var(--ast-global-color-5)","background-image":"","background-repeat":"repeat","background-position":"center center","background-size":"auto","background-attachment":"scroll","background-type":"","background-media":"","overlay-type":"","overlay-color":"","overlay-opacity":"","overlay-gradient":""}},"footnotes":""},"class_list":["post-2161","page","type-page","status-publish","hentry"],"yoast_head":"<!-- This site is optimized with the Yoast SEO plugin v25.6 - https:\/\/yoast.com\/wordpress\/plugins\/seo\/ -->\r\n<title>Infographies - ELP - Edition de Logiciels Professionnels<\/title>\r\n<meta name=\"robots\" content=\"index, follow, max-snippet:-1, max-image-preview:large, max-video-preview:-1\" \/>\r\n<link rel=\"canonical\" href=\"https:\/\/elp.fr\/index.php\/infographies\/\" \/>\r\n<meta property=\"og:locale\" content=\"fr_FR\" \/>\r\n<meta property=\"og:type\" content=\"article\" \/>\r\n<meta property=\"og:title\" content=\"Infographies - ELP - Edition de Logiciels Professionnels\" \/>\r\n<meta property=\"og:url\" content=\"https:\/\/elp.fr\/index.php\/infographies\/\" \/>\r\n<meta property=\"og:site_name\" content=\"ELP - Edition de Logiciels Professionnels\" \/>\r\n<meta property=\"article:modified_time\" content=\"2025-06-30T15:43:37+00:00\" \/>\r\n<meta name=\"twitter:card\" content=\"summary_large_image\" \/>\r\n<meta name=\"twitter:site\" content=\"@societe_elp\" \/>\r\n<script type=\"application\/ld+json\" class=\"yoast-schema-graph\">{\"@context\":\"https:\/\/schema.org\",\"@graph\":[{\"@type\":\"WebPage\",\"@id\":\"https:\/\/elp.fr\/index.php\/infographies\/\",\"url\":\"https:\/\/elp.fr\/index.php\/infographies\/\",\"name\":\"Infographies - ELP - Edition de Logiciels Professionnels\",\"isPartOf\":{\"@id\":\"https:\/\/elp.fr\/#website\"},\"datePublished\":\"2025-02-27T14:10:29+00:00\",\"dateModified\":\"2025-06-30T15:43:37+00:00\",\"breadcrumb\":{\"@id\":\"https:\/\/elp.fr\/index.php\/infographies\/#breadcrumb\"},\"inLanguage\":\"fr-FR\",\"potentialAction\":[{\"@type\":\"ReadAction\",\"target\":[\"https:\/\/elp.fr\/index.php\/infographies\/\"]}]},{\"@type\":\"BreadcrumbList\",\"@id\":\"https:\/\/elp.fr\/index.php\/infographies\/#breadcrumb\",\"itemListElement\":[{\"@type\":\"ListItem\",\"position\":1,\"name\":\"Accueil\",\"item\":\"https:\/\/elp.fr\/\"},{\"@type\":\"ListItem\",\"position\":2,\"name\":\"Infographies\"}]},{\"@type\":\"WebSite\",\"@id\":\"https:\/\/elp.fr\/#website\",\"url\":\"https:\/\/elp.fr\/\",\"name\":\"ELP\",\"description\":\"Solutions logicielles sur mesure : gestion documentaire, archivage et optimisation industrielle\",\"publisher\":{\"@id\":\"https:\/\/elp.fr\/#organization\"},\"potentialAction\":[{\"@type\":\"SearchAction\",\"target\":{\"@type\":\"EntryPoint\",\"urlTemplate\":\"https:\/\/elp.fr\/?s={search_term_string}\"},\"query-input\":{\"@type\":\"PropertyValueSpecification\",\"valueRequired\":true,\"valueName\":\"search_term_string\"}}],\"inLanguage\":\"fr-FR\"},{\"@type\":\"Organization\",\"@id\":\"https:\/\/elp.fr\/#organization\",\"name\":\"ELP Edition de Logiciels Professionnels\",\"url\":\"https:\/\/elp.fr\/\",\"logo\":{\"@type\":\"ImageObject\",\"inLanguage\":\"fr-FR\",\"@id\":\"https:\/\/elp.fr\/#\/schema\/logo\/image\/\",\"url\":\"https:\/\/elp.fr\/wp-content\/uploads\/2025\/01\/Plan-de-travail-4.png\",\"contentUrl\":\"https:\/\/elp.fr\/wp-content\/uploads\/2025\/01\/Plan-de-travail-4.png\",\"width\":213,\"height\":206,\"caption\":\"ELP Edition de Logiciels Professionnels\"},\"image\":{\"@id\":\"https:\/\/elp.fr\/#\/schema\/logo\/image\/\"},\"sameAs\":[\"https:\/\/x.com\/societe_elp\"]}]}<\/script>\r\n<!-- \/ Yoast SEO plugin. -->","yoast_head_json":{"title":"Infographies - ELP - Edition de Logiciels Professionnels","robots":{"index":"index","follow":"follow","max-snippet":"max-snippet:-1","max-image-preview":"max-image-preview:large","max-video-preview":"max-video-preview:-1"},"canonical":"https:\/\/elp.fr\/index.php\/infographies\/","og_locale":"fr_FR","og_type":"article","og_title":"Infographies - ELP - Edition de Logiciels Professionnels","og_url":"https:\/\/elp.fr\/index.php\/infographies\/","og_site_name":"ELP - Edition de Logiciels Professionnels","article_modified_time":"2025-06-30T15:43:37+00:00","twitter_card":"summary_large_image","twitter_site":"@societe_elp","schema":{"@context":"https:\/\/schema.org","@graph":[{"@type":"WebPage","@id":"https:\/\/elp.fr\/index.php\/infographies\/","url":"https:\/\/elp.fr\/index.php\/infographies\/","name":"Infographies - ELP - Edition de Logiciels Professionnels","isPartOf":{"@id":"https:\/\/elp.fr\/#website"},"datePublished":"2025-02-27T14:10:29+00:00","dateModified":"2025-06-30T15:43:37+00:00","breadcrumb":{"@id":"https:\/\/elp.fr\/index.php\/infographies\/#breadcrumb"},"inLanguage":"fr-FR","potentialAction":[{"@type":"ReadAction","target":["https:\/\/elp.fr\/index.php\/infographies\/"]}]},{"@type":"BreadcrumbList","@id":"https:\/\/elp.fr\/index.php\/infographies\/#breadcrumb","itemListElement":[{"@type":"ListItem","position":1,"name":"Accueil","item":"https:\/\/elp.fr\/"},{"@type":"ListItem","position":2,"name":"Infographies"}]},{"@type":"WebSite","@id":"https:\/\/elp.fr\/#website","url":"https:\/\/elp.fr\/","name":"ELP","description":"Solutions logicielles sur mesure : gestion documentaire, archivage et optimisation industrielle","publisher":{"@id":"https:\/\/elp.fr\/#organization"},"potentialAction":[{"@type":"SearchAction","target":{"@type":"EntryPoint","urlTemplate":"https:\/\/elp.fr\/?s={search_term_string}"},"query-input":{"@type":"PropertyValueSpecification","valueRequired":true,"valueName":"search_term_string"}}],"inLanguage":"fr-FR"},{"@type":"Organization","@id":"https:\/\/elp.fr\/#organization","name":"ELP Edition de Logiciels Professionnels","url":"https:\/\/elp.fr\/","logo":{"@type":"ImageObject","inLanguage":"fr-FR","@id":"https:\/\/elp.fr\/#\/schema\/logo\/image\/","url":"https:\/\/elp.fr\/wp-content\/uploads\/2025\/01\/Plan-de-travail-4.png","contentUrl":"https:\/\/elp.fr\/wp-content\/uploads\/2025\/01\/Plan-de-travail-4.png","width":213,"height":206,"caption":"ELP Edition de Logiciels Professionnels"},"image":{"@id":"https:\/\/elp.fr\/#\/schema\/logo\/image\/"},"sameAs":["https:\/\/x.com\/societe_elp"]}]}},"uagb_featured_image_src":{"full":false,"thumbnail":false,"medium":false,"medium_large":false,"large":false,"1536x1536":false,"2048x2048":false},"uagb_author_info":{"display_name":"ANA","author_link":"https:\/\/elp.fr\/index.php\/author\/ana\/"},"uagb_comment_info":0,"uagb_excerpt":null,"_links":{"self":[{"href":"https:\/\/elp.fr\/index.php\/wp-json\/wp\/v2\/pages\/2161"}],"collection":[{"href":"https:\/\/elp.fr\/index.php\/wp-json\/wp\/v2\/pages"}],"about":[{"href":"https:\/\/elp.fr\/index.php\/wp-json\/wp\/v2\/types\/page"}],"author":[{"embeddable":true,"href":"https:\/\/elp.fr\/index.php\/wp-json\/wp\/v2\/users\/1"}],"replies":[{"embeddable":true,"href":"https:\/\/elp.fr\/index.php\/wp-json\/wp\/v2\/comments?post=2161"}],"version-history":[{"count":2,"href":"https:\/\/elp.fr\/index.php\/wp-json\/wp\/v2\/pages\/2161\/revisions"}],"predecessor-version":[{"id":3334,"href":"https:\/\/elp.fr\/index.php\/wp-json\/wp\/v2\/pages\/2161\/revisions\/3334"}],"wp:attachment":[{"href":"https:\/\/elp.fr\/index.php\/wp-json\/wp\/v2\/media?parent=2161"}],"curies":[{"name":"wp","href":"https:\/\/api.w.org\/{rel}","templated":true}]}}