{"id":1934,"date":"2025-02-19T16:25:47","date_gmt":"2025-02-19T16:25:47","guid":{"rendered":"https:\/\/newelp.elp.fr\/?page_id=1934"},"modified":"2025-04-07T18:02:57","modified_gmt":"2025-04-07T18:02:57","slug":"gamme-as-2","status":"publish","type":"page","link":"https:\/\/elp.fr\/index.php\/gamme-as-2\/","title":{"rendered":"Gamme AS"},"content":{"rendered":"\n<div style=\"height:80px\" aria-hidden=\"true\" class=\"wp-block-spacer\"><\/div>\n\n\n\n<p><strong>Optimisez la gestion de votre biblioth\u00e8que avec un logiciel biblioth\u00e9conomique performant.<\/strong> Gr\u00e2ce \u00e0 une solution sp\u00e9cialis\u00e9e, simplifiez le catalogage, la gestion des pr\u00eats, l\u2019indexation et le suivi des collections. Nos <strong>logiciels biblioth\u00e9conomiques<\/strong> r\u00e9pondent aux besoins des biblioth\u00e8ques publiques, universitaires et sp\u00e9cialis\u00e9es, en offrant une gestion fluide et efficace des ressources documentaires. D\u00e9couvrez comment am\u00e9liorer l\u2019acc\u00e8s \u00e0 l\u2019information pour vos usagers tout en gagnant en productivit\u00e9.<\/p>\n\n\n\n<div style=\"height:10px\" aria-hidden=\"true\" class=\"wp-block-spacer\"><\/div>\n\n\n\n<div class=\"wp-block-uagb-container uagb-block-37dce936 alignfull uagb-is-root-container\"><div class=\"uagb-container-inner-blocks-wrap\">\n<div class=\"wp-block-uagb-container uagb-layout-flex uagb-block-e7393cd1\">\n<div style=\"height:40px\" aria-hidden=\"true\" class=\"wp-block-spacer\"><\/div>\n\n\n\n<div class=\"wp-block-uagb-image uagb-block-c7b9f47e wp-block-uagb-image--layout-default wp-block-uagb-image--effect-static wp-block-uagb-image--align-none\"><figure class=\"wp-block-uagb-image__figure\"><img decoding=\"async\" data-srcset=\"https:\/\/elp.fr\/wp-content\/uploads\/2024\/10\/Asabonnement.png ,https:\/\/elp.fr\/wp-content\/uploads\/2024\/10\/Asabonnement.png 780w, https:\/\/elp.fr\/wp-content\/uploads\/2024\/10\/Asabonnement.png 360w\" data-sizes=\"(max-width: 480px) 150px\" data-src=\"https:\/\/elp.fr\/wp-content\/uploads\/2024\/10\/Asabonnement.png\" alt=\"\" class=\"uag-image-389 lazyload\" width=\"170\" height=\"21\" title=\"Asabonnement\" role=\"img\" src=\"data:image\/svg+xml;base64,PHN2ZyB3aWR0aD0iMSIgaGVpZ2h0PSIxIiB4bWxucz0iaHR0cDovL3d3dy53My5vcmcvMjAwMC9zdmciPjwvc3ZnPg==\" style=\"--smush-placeholder-width: 170px; --smush-placeholder-aspect-ratio: 170\/21;\" \/><\/figure><\/div>\n\n\n\n<p class=\"has-text-align-center has-text-color has-link-color wp-elements-c6c787270cdbf9ccfd38f3c406955524\" style=\"color:#011c40;font-size:15px;line-height:1.3\">AS-Abonnement est un logiciel professionnel pour la gestion d\u2019abonnements (<a href=\"https:\/\/fr.wikipedia.org\/wiki\/Syst%C3%A8me_de_gestion_de_biblioth%C3%A8que\">SIGB<\/a>).<\/p>\n\n\n\n<div class=\"wp-block-uagb-buttons uagb-buttons__outer-wrap uagb-btn__default-btn uagb-btn-tablet__default-btn uagb-btn-mobile__default-btn uagb-block-87df17ea\"><div class=\"uagb-buttons__wrap uagb-buttons-layout-wrap \">\n<div class=\"wp-block-uagb-buttons-child uagb-buttons__outer-wrap uagb-block-98f8ab18 wp-block-button\"><div class=\"uagb-button__wrapper\"><a class=\"uagb-buttons-repeater wp-block-button__link\" aria-label=\"\" href=\"https:\/\/elp.fr\/index.php\/asabonnement\/\" rel=\"follow noopener\" target=\"_blank\" role=\"button\"><div class=\"uagb-button__link\">Voir<\/div><span class=\"uagb-button__icon uagb-button__icon-position-after\"><svg xmlns=\"https:\/\/www.w3.org\/2000\/svg\" viewBox=\"0 0 448 512\" aria-hidden=\"true\" focussable=\"false\"><path d=\"M438.6 278.6l-160 160C272.4 444.9 264.2 448 256 448s-16.38-3.125-22.62-9.375c-12.5-12.5-12.5-32.75 0-45.25L338.8 288H32C14.33 288 .0016 273.7 .0016 256S14.33 224 32 224h306.8l-105.4-105.4c-12.5-12.5-12.5-32.75 0-45.25s32.75-12.5 45.25 0l160 160C451.1 245.9 451.1 266.1 438.6 278.6z\"><\/path><\/svg><\/span><\/a><\/div><\/div>\n<\/div><\/div>\n<\/div>\n\n\n\n<div class=\"wp-block-uagb-container uagb-layout-flex uagb-block-bdd8e4c4\">\n<div style=\"height:40px\" aria-hidden=\"true\" class=\"wp-block-spacer\"><\/div>\n\n\n\n<div class=\"wp-block-uagb-image uagb-block-8e98fa25 wp-block-uagb-image--layout-default wp-block-uagb-image--effect-static wp-block-uagb-image--align-none\"><figure class=\"wp-block-uagb-image__figure\"><img decoding=\"async\" data-srcset=\"https:\/\/elp.fr\/wp-content\/uploads\/2024\/10\/ouvrage2.png ,https:\/\/elp.fr\/wp-content\/uploads\/2024\/10\/ouvrage2.png 780w, https:\/\/elp.fr\/wp-content\/uploads\/2024\/10\/ouvrage2.png 360w\" data-sizes=\"(max-width: 480px) 150px\" data-src=\"https:\/\/elp.fr\/wp-content\/uploads\/2024\/10\/ouvrage2.png\" alt=\"\" class=\"uag-image-403 lazyload\" width=\"149\" height=\"29\" title=\"ouvrage2\" role=\"img\" src=\"data:image\/svg+xml;base64,PHN2ZyB3aWR0aD0iMSIgaGVpZ2h0PSIxIiB4bWxucz0iaHR0cDovL3d3dy53My5vcmcvMjAwMC9zdmciPjwvc3ZnPg==\" style=\"--smush-placeholder-width: 149px; --smush-placeholder-aspect-ratio: 149\/29;\" \/><\/figure><\/div>\n\n\n\n<p class=\"has-text-align-center has-text-color has-link-color wp-elements-796f34fdcddb03c0b3654aebb76cd6cb\" style=\"color:#011c40;font-size:15px;line-height:1.3\">AS-Ouvrage est un logiciel de gestion des acquisitions d\u2019ouvrages pour biblioth\u00e8ques.<\/p>\n\n\n\n<div class=\"wp-block-uagb-buttons uagb-buttons__outer-wrap uagb-btn__default-btn uagb-btn-tablet__default-btn uagb-btn-mobile__default-btn uagb-block-40cfc644\"><div class=\"uagb-buttons__wrap uagb-buttons-layout-wrap \">\n<div class=\"wp-block-uagb-buttons-child uagb-buttons__outer-wrap uagb-block-9a0dba40 wp-block-button\"><div class=\"uagb-button__wrapper\"><a class=\"uagb-buttons-repeater wp-block-button__link\" aria-label=\"\" href=\"https:\/\/elp.fr\/index.php\/asouvrage\/\" rel=\"follow noopener\" target=\"_blank\" role=\"button\"><div class=\"uagb-button__link\">Voir<\/div><span class=\"uagb-button__icon uagb-button__icon-position-after\"><svg xmlns=\"https:\/\/www.w3.org\/2000\/svg\" viewBox=\"0 0 448 512\" aria-hidden=\"true\" focussable=\"false\"><path d=\"M438.6 278.6l-160 160C272.4 444.9 264.2 448 256 448s-16.38-3.125-22.62-9.375c-12.5-12.5-12.5-32.75 0-45.25L338.8 288H32C14.33 288 .0016 273.7 .0016 256S14.33 224 32 224h306.8l-105.4-105.4c-12.5-12.5-12.5-32.75 0-45.25s32.75-12.5 45.25 0l160 160C451.1 245.9 451.1 266.1 438.6 278.6z\"><\/path><\/svg><\/span><\/a><\/div><\/div>\n<\/div><\/div>\n<\/div>\n\n\n\n<div class=\"wp-block-uagb-container uagb-block-8f6881e4\">\n<div style=\"height:40px\" aria-hidden=\"true\" class=\"wp-block-spacer\"><\/div>\n\n\n\n<div class=\"wp-block-uagb-image uagb-block-a73dbf14 wp-block-uagb-image--layout-default wp-block-uagb-image--effect-static wp-block-uagb-image--align-none\"><figure class=\"wp-block-uagb-image__figure\"><img decoding=\"async\" data-srcset=\"https:\/\/elp.fr\/wp-content\/uploads\/2024\/10\/asweb.png ,https:\/\/elp.fr\/wp-content\/uploads\/2024\/10\/asweb.png 780w, https:\/\/elp.fr\/wp-content\/uploads\/2024\/10\/asweb.png 360w\" data-sizes=\"(max-width: 480px) 150px\" data-src=\"https:\/\/elp.fr\/wp-content\/uploads\/2024\/10\/asweb.png\" alt=\"\" class=\"uag-image-415 lazyload\" width=\"94\" height=\"24\" title=\"asweb\" role=\"img\" src=\"data:image\/svg+xml;base64,PHN2ZyB3aWR0aD0iMSIgaGVpZ2h0PSIxIiB4bWxucz0iaHR0cDovL3d3dy53My5vcmcvMjAwMC9zdmciPjwvc3ZnPg==\" style=\"--smush-placeholder-width: 94px; --smush-placeholder-aspect-ratio: 94\/24;\" \/><\/figure><\/div>\n\n\n\n<p class=\"has-text-align-center has-text-color has-link-color wp-elements-5cc4a8f30f9c0f8a5d88c7a038d54f4b\" style=\"color:#011c40;font-size:15px;line-height:1.3\">AS-Web simplifie la gestion et la communication des p\u00e9riodiques, des ouvrages, des documents multim\u00e9dias et des jeux.<\/p>\n\n\n\n<div class=\"wp-block-uagb-buttons uagb-buttons__outer-wrap uagb-btn__default-btn uagb-btn-tablet__default-btn uagb-btn-mobile__default-btn uagb-block-4736e68f\"><div class=\"uagb-buttons__wrap uagb-buttons-layout-wrap \">\n<div class=\"wp-block-uagb-buttons-child uagb-buttons__outer-wrap uagb-block-07f99b52 wp-block-button\"><div class=\"uagb-button__wrapper\"><a class=\"uagb-buttons-repeater wp-block-button__link\" aria-label=\"\" href=\"https:\/\/elp.fr\/index.php\/asweb\/\" rel=\"follow noopener\" target=\"_blank\" role=\"button\"><div class=\"uagb-button__link\">Voir<\/div><span class=\"uagb-button__icon uagb-button__icon-position-after\"><svg xmlns=\"https:\/\/www.w3.org\/2000\/svg\" viewBox=\"0 0 448 512\" aria-hidden=\"true\" focussable=\"false\"><path d=\"M438.6 278.6l-160 160C272.4 444.9 264.2 448 256 448s-16.38-3.125-22.62-9.375c-12.5-12.5-12.5-32.75 0-45.25L338.8 288H32C14.33 288 .0016 273.7 .0016 256S14.33 224 32 224h306.8l-105.4-105.4c-12.5-12.5-12.5-32.75 0-45.25s32.75-12.5 45.25 0l160 160C451.1 245.9 451.1 266.1 438.6 278.6z\"><\/path><\/svg><\/span><\/a><\/div><\/div>\n<\/div><\/div>\n<\/div>\n\n\n\n<div class=\"wp-block-uagb-container uagb-block-e69fa6fa\">\n<div style=\"height:40px\" aria-hidden=\"true\" class=\"wp-block-spacer\"><\/div>\n\n\n\n<div class=\"wp-block-uagb-image uagb-block-7bf7de2a wp-block-uagb-image--layout-default wp-block-uagb-image--effect-static wp-block-uagb-image--align-none\"><figure class=\"wp-block-uagb-image__figure\"><img decoding=\"async\" data-srcset=\"https:\/\/elp.fr\/wp-content\/uploads\/2024\/10\/asxtheque.png ,https:\/\/elp.fr\/wp-content\/uploads\/2024\/10\/asxtheque.png 780w, https:\/\/elp.fr\/wp-content\/uploads\/2024\/10\/asxtheque.png 360w\" data-sizes=\"(max-width: 480px) 150px\" data-src=\"https:\/\/elp.fr\/wp-content\/uploads\/2024\/10\/asxtheque.png\" alt=\"\" class=\"uag-image-382 lazyload\" width=\"143\" height=\"26\" title=\"asxtheque\" role=\"img\" src=\"data:image\/svg+xml;base64,PHN2ZyB3aWR0aD0iMSIgaGVpZ2h0PSIxIiB4bWxucz0iaHR0cDovL3d3dy53My5vcmcvMjAwMC9zdmciPjwvc3ZnPg==\" style=\"--smush-placeholder-width: 143px; --smush-placeholder-aspect-ratio: 143\/26;\" \/><\/figure><\/div>\n\n\n\n<p class=\"has-text-align-center has-text-color has-link-color wp-elements-48bbb20d482432f2b5072ca22310f81f\" style=\"color:#011c40;font-size:15px;line-height:1.3\">Le module Xth\u00e8ques peut fonctionner en compl\u00e9ment des autres modules ou de mani\u00e8re totalement ind\u00e9pendante.&nbsp;<\/p>\n\n\n\n<div class=\"wp-block-uagb-buttons uagb-buttons__outer-wrap uagb-btn__default-btn uagb-btn-tablet__default-btn uagb-btn-mobile__default-btn uagb-block-9f81b8c2\"><div class=\"uagb-buttons__wrap uagb-buttons-layout-wrap \">\n<div class=\"wp-block-uagb-buttons-child uagb-buttons__outer-wrap uagb-block-fc6abeb3 wp-block-button\"><div class=\"uagb-button__wrapper\"><a class=\"uagb-buttons-repeater wp-block-button__link\" aria-label=\"\" href=\"https:\/\/elp.fr\/index.php\/asxtheques\/\" rel=\"follow noopener\" target=\"_blank\" role=\"button\"><div class=\"uagb-button__link\">Voir<\/div><span class=\"uagb-button__icon uagb-button__icon-position-after\"><svg xmlns=\"https:\/\/www.w3.org\/2000\/svg\" viewBox=\"0 0 448 512\" aria-hidden=\"true\" focussable=\"false\"><path d=\"M438.6 278.6l-160 160C272.4 444.9 264.2 448 256 448s-16.38-3.125-22.62-9.375c-12.5-12.5-12.5-32.75 0-45.25L338.8 288H32C14.33 288 .0016 273.7 .0016 256S14.33 224 32 224h306.8l-105.4-105.4c-12.5-12.5-12.5-32.75 0-45.25s32.75-12.5 45.25 0l160 160C451.1 245.9 451.1 266.1 438.6 278.6z\"><\/path><\/svg><\/span><\/a><\/div><\/div>\n<\/div><\/div>\n<\/div>\n<\/div><\/div>\n\n\n\n<div style=\"height:80px\" aria-hidden=\"true\" class=\"wp-block-spacer\"><\/div>\n\n\n\n<div class=\"wp-block-uagb-container uagb-block-283e4372 alignfull uagb-is-root-container\"><div class=\"uagb-container-inner-blocks-wrap\">\n<div style=\"height:15px\" aria-hidden=\"true\" class=\"wp-block-spacer\"><\/div>\n\n\n\n<div class=\"wp-block-uagb-advanced-heading uagb-block-9b1e3bdd\"><h2 class=\"uagb-heading-text\"><strong>Parlons de votre projet<\/strong><\/h2><\/div>\n\n\n\n<div class=\"wp-block-columns is-layout-flex wp-container-core-columns-is-layout-1 wp-block-columns-is-layout-flex\">\n<div class=\"wp-block-column is-layout-flow wp-block-column-is-layout-flow\">\n<div class=\"wp-block-uagb-buttons uagb-buttons__outer-wrap uagb-btn__default-btn uagb-btn-tablet__default-btn uagb-btn-mobile__default-btn uagb-block-38d6067e\"><div class=\"uagb-buttons__wrap uagb-buttons-layout-wrap \">\n<div class=\"wp-block-uagb-buttons-child uagb-buttons__outer-wrap uagb-block-b13bb6cf wp-block-button\"><div class=\"uagb-button__wrapper\"><a class=\"uagb-buttons-repeater wp-block-button__link\" aria-label=\"\" href=\"tel:0182283872\" rel=\"follow noopener\" target=\"_self\" role=\"button\"><div class=\"uagb-button__link\">Appeler<\/div><\/a><\/div><\/div>\n<\/div><\/div>\n<\/div>\n\n\n\n<div class=\"wp-block-column is-layout-flow wp-block-column-is-layout-flow\">\n<div class=\"wp-block-uagb-buttons uagb-buttons__outer-wrap uagb-btn__default-btn uagb-btn-tablet__default-btn uagb-btn-mobile__default-btn uagb-block-0a1a32df\"><div class=\"uagb-buttons__wrap uagb-buttons-layout-wrap \">\n<div class=\"wp-block-uagb-buttons-child uagb-buttons__outer-wrap uagb-block-21bb8e74 wp-block-button\"><div class=\"uagb-button__wrapper\"><a class=\"uagb-buttons-repeater wp-block-button__link\" aria-label=\"\" href=\"https:\/\/elp.fr\/index.php\/contact\/\" rel=\"follow noopener\" target=\"_blank\" role=\"button\"><div class=\"uagb-button__link\">\u00catre recontact\u00e9<\/div><\/a><\/div><\/div>\n<\/div><\/div>\n<\/div>\n<\/div>\n<\/div><\/div>\n","protected":false},"excerpt":{"rendered":"<p>Optimisez la gestion de votre biblioth\u00e8que avec un logiciel biblioth\u00e9conomique performant. Gr\u00e2ce \u00e0 une solution sp\u00e9cialis\u00e9e, simplifiez le catalogage, la [&hellip;]<\/p>\n","protected":false},"author":1,"featured_media":0,"parent":0,"menu_order":0,"comment_status":"closed","ping_status":"closed","template":"","meta":{"_uag_custom_page_level_css":"","_monsterinsights_skip_tracking":false,"_monsterinsights_sitenote_active":false,"_monsterinsights_sitenote_note":"","_monsterinsights_sitenote_category":0,"_uf_show_specific_survey":0,"_uf_disable_surveys":false,"site-sidebar-layout":"default","site-content-layout":"","ast-site-content-layout":"default","site-content-style":"default","site-sidebar-style":"default","ast-global-header-display":"","ast-banner-title-visibility":"","ast-main-header-display":"","ast-hfb-above-header-display":"","ast-hfb-below-header-display":"","ast-hfb-mobile-header-display":"","site-post-title":"disabled","ast-breadcrumbs-content":"","ast-featured-img":"","footer-sml-layout":"","ast-disable-related-posts":"","theme-transparent-header-meta":"","adv-header-id-meta":"","stick-header-meta":"","header-above-stick-meta":"","header-main-stick-meta":"","header-below-stick-meta":"","astra-migrate-meta-layouts":"default","ast-page-background-enabled":"default","ast-page-background-meta":{"desktop":{"background-color":"var(--ast-global-color-4)","background-image":"","background-repeat":"repeat","background-position":"center center","background-size":"auto","background-attachment":"scroll","background-type":"","background-media":"","overlay-type":"","overlay-color":"","overlay-opacity":"","overlay-gradient":""},"tablet":{"background-color":"","background-image":"","background-repeat":"repeat","background-position":"center center","background-size":"auto","background-attachment":"scroll","background-type":"","background-media":"","overlay-type":"","overlay-color":"","overlay-opacity":"","overlay-gradient":""},"mobile":{"background-color":"","background-image":"","background-repeat":"repeat","background-position":"center center","background-size":"auto","background-attachment":"scroll","background-type":"","background-media":"","overlay-type":"","overlay-color":"","overlay-opacity":"","overlay-gradient":""}},"ast-content-background-meta":{"desktop":{"background-color":"var(--ast-global-color-5)","background-image":"","background-repeat":"repeat","background-position":"center center","background-size":"auto","background-attachment":"scroll","background-type":"","background-media":"","overlay-type":"","overlay-color":"","overlay-opacity":"","overlay-gradient":""},"tablet":{"background-color":"var(--ast-global-color-5)","background-image":"","background-repeat":"repeat","background-position":"center center","background-size":"auto","background-attachment":"scroll","background-type":"","background-media":"","overlay-type":"","overlay-color":"","overlay-opacity":"","overlay-gradient":""},"mobile":{"background-color":"var(--ast-global-color-5)","background-image":"","background-repeat":"repeat","background-position":"center center","background-size":"auto","background-attachment":"scroll","background-type":"","background-media":"","overlay-type":"","overlay-color":"","overlay-opacity":"","overlay-gradient":""}},"footnotes":""},"class_list":["post-1934","page","type-page","status-publish","hentry"],"yoast_head":"<!-- This site is optimized with the Yoast SEO plugin v25.6 - https:\/\/yoast.com\/wordpress\/plugins\/seo\/ -->\r\n<title>Logiciel biblioth\u00e9conomie gestion biblioth\u00e8que<\/title>\r\n<meta name=\"description\" content=\"D\u00e9couvrez nos logiciel biblioth\u00e9conomie gestion biblioth\u00e8que : catalogage, pr\u00eat, indexation et gestion des collections. Simplifiez votre organisation !\" \/>\r\n<meta name=\"robots\" content=\"index, follow, max-snippet:-1, max-image-preview:large, max-video-preview:-1\" \/>\r\n<link rel=\"canonical\" href=\"https:\/\/elp.fr\/index.php\/gamme-as-2\/\" \/>\r\n<meta property=\"og:locale\" content=\"fr_FR\" \/>\r\n<meta property=\"og:type\" content=\"article\" \/>\r\n<meta property=\"og:title\" content=\"Logiciel biblioth\u00e9conomie gestion biblioth\u00e8que\" \/>\r\n<meta property=\"og:description\" content=\"D\u00e9couvrez nos logiciel biblioth\u00e9conomie gestion biblioth\u00e8que : catalogage, pr\u00eat, indexation et gestion des collections. Simplifiez votre organisation !\" \/>\r\n<meta property=\"og:url\" content=\"https:\/\/elp.fr\/index.php\/gamme-as-2\/\" \/>\r\n<meta property=\"og:site_name\" content=\"ELP - Edition de Logiciels Professionnels\" \/>\r\n<meta property=\"article:modified_time\" content=\"2025-04-07T18:02:57+00:00\" \/>\r\n<meta property=\"og:image\" content=\"https:\/\/elp.fr\/wp-content\/uploads\/2024\/10\/Asabonnement.png\" \/>\r\n<meta name=\"twitter:card\" content=\"summary_large_image\" \/>\r\n<meta name=\"twitter:site\" content=\"@societe_elp\" \/>\r\n<meta name=\"twitter:label1\" content=\"Dur\u00e9e de lecture estim\u00e9e\" \/>\n\t<meta name=\"twitter:data1\" content=\"2 minutes\" \/>\r\n<script type=\"application\/ld+json\" class=\"yoast-schema-graph\">{\"@context\":\"https:\/\/schema.org\",\"@graph\":[{\"@type\":\"WebPage\",\"@id\":\"https:\/\/elp.fr\/index.php\/gamme-as-2\/\",\"url\":\"https:\/\/elp.fr\/index.php\/gamme-as-2\/\",\"name\":\"Logiciel biblioth\u00e9conomie gestion biblioth\u00e8que\",\"isPartOf\":{\"@id\":\"https:\/\/elp.fr\/#website\"},\"primaryImageOfPage\":{\"@id\":\"https:\/\/elp.fr\/index.php\/gamme-as-2\/#primaryimage\"},\"image\":{\"@id\":\"https:\/\/elp.fr\/index.php\/gamme-as-2\/#primaryimage\"},\"thumbnailUrl\":\"https:\/\/elp.fr\/wp-content\/uploads\/2024\/10\/Asabonnement.png\",\"datePublished\":\"2025-02-19T16:25:47+00:00\",\"dateModified\":\"2025-04-07T18:02:57+00:00\",\"description\":\"D\u00e9couvrez nos logiciel biblioth\u00e9conomie gestion biblioth\u00e8que : catalogage, pr\u00eat, indexation et gestion des collections. Simplifiez votre organisation !\",\"breadcrumb\":{\"@id\":\"https:\/\/elp.fr\/index.php\/gamme-as-2\/#breadcrumb\"},\"inLanguage\":\"fr-FR\",\"potentialAction\":[{\"@type\":\"ReadAction\",\"target\":[\"https:\/\/elp.fr\/index.php\/gamme-as-2\/\"]}]},{\"@type\":\"ImageObject\",\"inLanguage\":\"fr-FR\",\"@id\":\"https:\/\/elp.fr\/index.php\/gamme-as-2\/#primaryimage\",\"url\":\"https:\/\/elp.fr\/wp-content\/uploads\/2024\/10\/Asabonnement.png\",\"contentUrl\":\"https:\/\/elp.fr\/wp-content\/uploads\/2024\/10\/Asabonnement.png\"},{\"@type\":\"BreadcrumbList\",\"@id\":\"https:\/\/elp.fr\/index.php\/gamme-as-2\/#breadcrumb\",\"itemListElement\":[{\"@type\":\"ListItem\",\"position\":1,\"name\":\"Accueil\",\"item\":\"https:\/\/elp.fr\/\"},{\"@type\":\"ListItem\",\"position\":2,\"name\":\"Gamme AS\"}]},{\"@type\":\"WebSite\",\"@id\":\"https:\/\/elp.fr\/#website\",\"url\":\"https:\/\/elp.fr\/\",\"name\":\"ELP\",\"description\":\"Solutions logicielles sur mesure : gestion documentaire, archivage et optimisation industrielle\",\"publisher\":{\"@id\":\"https:\/\/elp.fr\/#organization\"},\"potentialAction\":[{\"@type\":\"SearchAction\",\"target\":{\"@type\":\"EntryPoint\",\"urlTemplate\":\"https:\/\/elp.fr\/?s={search_term_string}\"},\"query-input\":{\"@type\":\"PropertyValueSpecification\",\"valueRequired\":true,\"valueName\":\"search_term_string\"}}],\"inLanguage\":\"fr-FR\"},{\"@type\":\"Organization\",\"@id\":\"https:\/\/elp.fr\/#organization\",\"name\":\"ELP Edition de Logiciels Professionnels\",\"url\":\"https:\/\/elp.fr\/\",\"logo\":{\"@type\":\"ImageObject\",\"inLanguage\":\"fr-FR\",\"@id\":\"https:\/\/elp.fr\/#\/schema\/logo\/image\/\",\"url\":\"https:\/\/elp.fr\/wp-content\/uploads\/2025\/01\/Plan-de-travail-4.png\",\"contentUrl\":\"https:\/\/elp.fr\/wp-content\/uploads\/2025\/01\/Plan-de-travail-4.png\",\"width\":213,\"height\":206,\"caption\":\"ELP Edition de Logiciels Professionnels\"},\"image\":{\"@id\":\"https:\/\/elp.fr\/#\/schema\/logo\/image\/\"},\"sameAs\":[\"https:\/\/x.com\/societe_elp\"]}]}<\/script>\r\n<!-- \/ Yoast SEO plugin. -->","yoast_head_json":{"title":"Logiciel biblioth\u00e9conomie gestion biblioth\u00e8que","description":"D\u00e9couvrez nos logiciel biblioth\u00e9conomie gestion biblioth\u00e8que : catalogage, pr\u00eat, indexation et gestion des collections. Simplifiez votre organisation !","robots":{"index":"index","follow":"follow","max-snippet":"max-snippet:-1","max-image-preview":"max-image-preview:large","max-video-preview":"max-video-preview:-1"},"canonical":"https:\/\/elp.fr\/index.php\/gamme-as-2\/","og_locale":"fr_FR","og_type":"article","og_title":"Logiciel biblioth\u00e9conomie gestion biblioth\u00e8que","og_description":"D\u00e9couvrez nos logiciel biblioth\u00e9conomie gestion biblioth\u00e8que : catalogage, pr\u00eat, indexation et gestion des collections. Simplifiez votre organisation !","og_url":"https:\/\/elp.fr\/index.php\/gamme-as-2\/","og_site_name":"ELP - Edition de Logiciels Professionnels","article_modified_time":"2025-04-07T18:02:57+00:00","og_image":[{"url":"https:\/\/elp.fr\/wp-content\/uploads\/2024\/10\/Asabonnement.png","type":"","width":"","height":""}],"twitter_card":"summary_large_image","twitter_site":"@societe_elp","twitter_misc":{"Dur\u00e9e de lecture estim\u00e9e":"2 minutes"},"schema":{"@context":"https:\/\/schema.org","@graph":[{"@type":"WebPage","@id":"https:\/\/elp.fr\/index.php\/gamme-as-2\/","url":"https:\/\/elp.fr\/index.php\/gamme-as-2\/","name":"Logiciel biblioth\u00e9conomie gestion biblioth\u00e8que","isPartOf":{"@id":"https:\/\/elp.fr\/#website"},"primaryImageOfPage":{"@id":"https:\/\/elp.fr\/index.php\/gamme-as-2\/#primaryimage"},"image":{"@id":"https:\/\/elp.fr\/index.php\/gamme-as-2\/#primaryimage"},"thumbnailUrl":"https:\/\/elp.fr\/wp-content\/uploads\/2024\/10\/Asabonnement.png","datePublished":"2025-02-19T16:25:47+00:00","dateModified":"2025-04-07T18:02:57+00:00","description":"D\u00e9couvrez nos logiciel biblioth\u00e9conomie gestion biblioth\u00e8que : catalogage, pr\u00eat, indexation et gestion des collections. Simplifiez votre organisation !","breadcrumb":{"@id":"https:\/\/elp.fr\/index.php\/gamme-as-2\/#breadcrumb"},"inLanguage":"fr-FR","potentialAction":[{"@type":"ReadAction","target":["https:\/\/elp.fr\/index.php\/gamme-as-2\/"]}]},{"@type":"ImageObject","inLanguage":"fr-FR","@id":"https:\/\/elp.fr\/index.php\/gamme-as-2\/#primaryimage","url":"https:\/\/elp.fr\/wp-content\/uploads\/2024\/10\/Asabonnement.png","contentUrl":"https:\/\/elp.fr\/wp-content\/uploads\/2024\/10\/Asabonnement.png"},{"@type":"BreadcrumbList","@id":"https:\/\/elp.fr\/index.php\/gamme-as-2\/#breadcrumb","itemListElement":[{"@type":"ListItem","position":1,"name":"Accueil","item":"https:\/\/elp.fr\/"},{"@type":"ListItem","position":2,"name":"Gamme AS"}]},{"@type":"WebSite","@id":"https:\/\/elp.fr\/#website","url":"https:\/\/elp.fr\/","name":"ELP","description":"Solutions logicielles sur mesure : gestion documentaire, archivage et optimisation industrielle","publisher":{"@id":"https:\/\/elp.fr\/#organization"},"potentialAction":[{"@type":"SearchAction","target":{"@type":"EntryPoint","urlTemplate":"https:\/\/elp.fr\/?s={search_term_string}"},"query-input":{"@type":"PropertyValueSpecification","valueRequired":true,"valueName":"search_term_string"}}],"inLanguage":"fr-FR"},{"@type":"Organization","@id":"https:\/\/elp.fr\/#organization","name":"ELP Edition de Logiciels Professionnels","url":"https:\/\/elp.fr\/","logo":{"@type":"ImageObject","inLanguage":"fr-FR","@id":"https:\/\/elp.fr\/#\/schema\/logo\/image\/","url":"https:\/\/elp.fr\/wp-content\/uploads\/2025\/01\/Plan-de-travail-4.png","contentUrl":"https:\/\/elp.fr\/wp-content\/uploads\/2025\/01\/Plan-de-travail-4.png","width":213,"height":206,"caption":"ELP Edition de Logiciels Professionnels"},"image":{"@id":"https:\/\/elp.fr\/#\/schema\/logo\/image\/"},"sameAs":["https:\/\/x.com\/societe_elp"]}]}},"uagb_featured_image_src":{"full":false,"thumbnail":false,"medium":false,"medium_large":false,"large":false,"1536x1536":false,"2048x2048":false},"uagb_author_info":{"display_name":"ANA","author_link":"https:\/\/elp.fr\/index.php\/author\/ana\/"},"uagb_comment_info":0,"uagb_excerpt":"Optimisez la gestion de votre biblioth\u00e8que avec un logiciel biblioth\u00e9conomique performant. Gr\u00e2ce \u00e0 une solution sp\u00e9cialis\u00e9e, simplifiez le catalogage, la [&hellip;]","_links":{"self":[{"href":"https:\/\/elp.fr\/index.php\/wp-json\/wp\/v2\/pages\/1934"}],"collection":[{"href":"https:\/\/elp.fr\/index.php\/wp-json\/wp\/v2\/pages"}],"about":[{"href":"https:\/\/elp.fr\/index.php\/wp-json\/wp\/v2\/types\/page"}],"author":[{"embeddable":true,"href":"https:\/\/elp.fr\/index.php\/wp-json\/wp\/v2\/users\/1"}],"replies":[{"embeddable":true,"href":"https:\/\/elp.fr\/index.php\/wp-json\/wp\/v2\/comments?post=1934"}],"version-history":[{"count":16,"href":"https:\/\/elp.fr\/index.php\/wp-json\/wp\/v2\/pages\/1934\/revisions"}],"predecessor-version":[{"id":3047,"href":"https:\/\/elp.fr\/index.php\/wp-json\/wp\/v2\/pages\/1934\/revisions\/3047"}],"wp:attachment":[{"href":"https:\/\/elp.fr\/index.php\/wp-json\/wp\/v2\/media?parent=1934"}],"curies":[{"name":"wp","href":"https:\/\/api.w.org\/{rel}","templated":true}]}}